{"id":519,"date":"2025-01-17T15:24:29","date_gmt":"2025-01-17T15:24:29","guid":{"rendered":"https:\/\/ibo-player.online\/?page_id=519"},"modified":"2025-01-17T15:37:05","modified_gmt":"2025-01-17T15:37:05","slug":"descargas","status":"publish","type":"page","link":"https:\/\/ibo-player.online\/es\/descargas\/","title":{"rendered":"DESCARGAS"},"content":{"rendered":"<div data-elementor-type=\"wp-page\" data-elementor-id=\"519\" class=\"elementor elementor-519\" data-elementor-post-type=\"page\">\n\t\t\t\t<div class=\"elementor-element elementor-element-66d00220 e-flex e-con-boxed e-con e-parent\" data-id=\"66d00220\" data-element_type=\"container\" data-e-type=\"container\">\n\t\t\t\t\t<div class=\"e-con-inner\">\n\t\t\t\t<div class=\"elementor-element elementor-element-2e0a8476 elementor-widget elementor-widget-n-accordion\" data-id=\"2e0a8476\" data-element_type=\"widget\" data-e-type=\"widget\" data-settings=\"{&quot;default_state&quot;:&quot;expanded&quot;,&quot;max_items_expended&quot;:&quot;one&quot;,&quot;n_accordion_animation_duration&quot;:{&quot;unit&quot;:&quot;ms&quot;,&quot;size&quot;:400,&quot;sizes&quot;:[]}}\" data-widget_type=\"nested-accordion.default\">\n\t\t\t\t<div class=\"elementor-widget-container\">\n\t\t\t\t\t\t\t<div class=\"e-n-accordion\" aria-label=\"Acorde\u00f3n. Abra los enlaces con Intro o Espacio, ci\u00e9rrelos con Escape y navegue con las teclas de flecha.\">\n\t\t\t\t\t\t<details id=\"e-n-accordion-item-7720\" class=\"e-n-accordion-item\" open>\n\t\t\t\t<summary class=\"e-n-accordion-item-title\" data-accordion-index=\"1\" tabindex=\"0\" aria-expanded=\"true\" aria-controls=\"e-n-accordion-item-7720\" >\n\t\t\t\t\t<span class='e-n-accordion-item-title-header'><div class=\"e-n-accordion-item-title-text\"> smart tv <\/div><\/span>\n\t\t\t\t\t\t\t<span class='e-n-accordion-item-title-icon'>\n\t\t\t<span class='e-opened' ><svg aria-hidden=\"true\" class=\"e-font-icon-svg e-fas-minus\" viewbox=\"0 0 448 512\" xmlns=\"http:\/\/www.w3.org\/2000\/svg\"><path d=\"M416 208H32c-17.67 0-32 14.33-32 32v32c0 17.67 14.33 32 32 32h384c17.67 0 32-14.33 32-32v-32c0-17.67-14.33-32-32-32z\"><\/path><\/svg><\/span>\n\t\t\t<span class='e-closed'><svg aria-hidden=\"true\" class=\"e-font-icon-svg e-fas-plus\" viewbox=\"0 0 448 512\" xmlns=\"http:\/\/www.w3.org\/2000\/svg\"><path d=\"M416 208H272V64c0-17.67-14.33-32-32-32h-32c-17.67 0-32 14.33-32 32v144H32c-17.67 0-32 14.33-32 32v32c0 17.67 14.33 32 32 32h144v144c0 17.67 14.33 32 32 32h32c17.67 0 32-14.33 32-32V304h144c17.67 0 32-14.33 32-32v-32c0-17.67-14.33-32-32-32z\"><\/path><\/svg><\/span>\n\t\t<\/span>\n\n\t\t\t\t\t\t<\/summary>\n\t\t\t\t<div role=\"region\" aria-labelledby=\"e-n-accordion-item-7720\" class=\"elementor-element elementor-element-1971b0fc e-con-full e-flex e-con e-child\" data-id=\"1971b0fc\" data-element_type=\"container\" data-e-type=\"container\">\n\t\t<div role=\"region\" aria-labelledby=\"e-n-accordion-item-7720\" class=\"elementor-element elementor-element-955eb82 e-flex e-con-boxed e-con e-child\" data-id=\"955eb82\" data-element_type=\"container\" data-e-type=\"container\">\n\t\t\t\t\t<div class=\"e-con-inner\">\n\t\t\t\t<div class=\"elementor-element elementor-element-152ebbe5 elementor-widget elementor-widget-text-editor\" data-id=\"152ebbe5\" data-element_type=\"widget\" data-e-type=\"widget\" data-widget_type=\"text-editor.default\">\n\t\t\t\t<div class=\"elementor-widget-container\">\n\t\t\t\t\t\t\t\t\t<h3><strong>1. instalaci\u00f3n de IBO Player en tu Smart TV<\/strong><\/h3><h4><strong>Paso 1: Abre la tienda de aplicaciones de tu Smart TV<\/strong><\/h4><ul><li><strong>Televisor Samsung<\/strong>: Abra el <strong>Samsung Smart Hub<\/strong>.<\/li><li><strong>LG TV<\/strong>: Ir a la <strong>Tienda de contenidos LG<\/strong>.<\/li><li><strong>Otros modelos<\/strong>Abre la App Store en tu televisor.<\/li><\/ul><h4><strong>Paso 2: Buscar la aplicaci\u00f3n<\/strong><\/h4><ul><li>Utilice la funci\u00f3n de b\u00fasqueda e introduzca <strong>Jugador IBO<\/strong> en.<\/li><li>Seleccione la aplicaci\u00f3n en los resultados de la b\u00fasqueda.<\/li><\/ul><h4><strong>Paso 3: Descargar e instalar<\/strong><\/h4><ul><li>Haga clic en <strong>Descargar<\/strong> o <strong>Instale<\/strong>.<\/li><li>Espere a que finalice la instalaci\u00f3n.<\/li><\/ul><hr \/><h3><strong>2. activaci\u00f3n de IBO Player<\/strong><\/h3><h4><strong>Paso 1: Iniciar la aplicaci\u00f3n<\/strong><\/h4><ul><li>Abre IBO Player a trav\u00e9s del men\u00fa de aplicaciones de tu Smart TV.<\/li><\/ul><h4><strong>Paso 2: Recuperar el ID del dispositivo<\/strong><\/h4><ul><li>Al iniciar la aplicaci\u00f3n por primera vez <strong>ID del dispositivo<\/strong> y un <strong>Clave del dispositivo<\/strong> a.<ul><li>Anota esta informaci\u00f3n o haz una foto.<\/li><\/ul><\/li><\/ul><h4><strong>Paso 3: Activar la aplicaci\u00f3n en el sitio web oficial<\/strong><\/h4><ol><li>Visite el sitio web oficial de IBO Player: <a href=\"https:\/\/iboiptv.com\/\" target=\"_blank\" rel=\"noopener\">https:\/\/iboiptv.com<\/a>.<\/li><li>Haga clic en <strong>Activar<\/strong> o <strong>Registrar dispositivo<\/strong>.<\/li><li>Introduzca su <strong>ID del dispositivo<\/strong> y su <strong>Clave del dispositivo<\/strong> en.<\/li><li>Pague la cuota de activaci\u00f3n (suele haber un periodo de prueba gratuito).<\/li><\/ol><hr \/><h3><strong>3. a\u00f1adir una lista IPTV<\/strong><\/h3><h4><strong>Paso 1: Obtener una URL M3U o c\u00f3digos Xtream<\/strong><\/h4><ul><li>Solicite la <strong>URL M3U<\/strong> o el <strong>C\u00f3digos Xtream<\/strong> con tu proveedor de IPTV.<\/li><\/ul><h4><strong>Paso 2: A\u00f1adir lista de IPTV a IBO Player<\/strong><\/h4><ol><li>Reg\u00edstrese en <a href=\"https:\/\/iboiptv.com\/\" target=\"_blank\" rel=\"noopener\">Sitio web del IBO Player<\/a> a.<\/li><li>Haga clic en <strong>Cargar lista de reproducci\u00f3n<\/strong> o <strong>A\u00f1adir lista de reproducci\u00f3n<\/strong>.<\/li><li>Introduzca la siguiente informaci\u00f3n:<ul><li><strong>Nombre de la lista<\/strong>Nombre de la lista de reproducci\u00f3n<\/li><li><strong>Tipo<\/strong>: Elija entre <strong>URL M3U<\/strong> o <strong>C\u00f3digos Xtream<\/strong>.<\/li><li><strong>URL o datos de acceso<\/strong>Introduzca los datos de su proveedor.<\/li><\/ul><\/li><\/ol><h4><strong>Paso 3: Sincronizar la lista de reproducci\u00f3n<\/strong><\/h4><ul><li>Vuelve a tu Smart TV y reinicia la aplicaci\u00f3n IBO Player.<\/li><li>Tu lista de IPTV se muestra autom\u00e1ticamente.<\/li><\/ul><hr \/><h3><strong>4. configuraci\u00f3n y uso de IBO Player<\/strong><\/h3><h4><strong>Navegar por los canales<\/strong><\/h4><ul><li>Una vez cargada la lista, los canales aparecen organizados por categor\u00edas (TV en directo, pel\u00edculas, series).<\/li><li>Utilice las flechas del mando a distancia para navegar por los canales.<\/li><\/ul><h4><strong>Funciones adicionales<\/strong><\/h4><ul><li><strong>Subt\u00edtulo<\/strong>Si est\u00e1n disponibles, los subt\u00edtulos pueden activarse en los ajustes de reproducci\u00f3n.<\/li><li><strong>Favoritos<\/strong>Marca los canales como favoritos para acceder a ellos m\u00e1s r\u00e1pidamente.<\/li><li><strong>Buscar en<\/strong>Utilice la funci\u00f3n de b\u00fasqueda para encontrar canales o programas espec\u00edficos.<\/li><\/ul><hr \/><h3><strong>5. consejos para los problemas<\/strong><\/h3><ul><li><strong>Lista vac\u00eda<\/strong>Comprueba la URL M3U o los c\u00f3digos Xtream con tu proveedor.<\/li><li><strong>Error de reproducci\u00f3n<\/strong>Aseg\u00farese de que su conexi\u00f3n a Internet es estable.<\/li><li><strong>Problemas de activaci\u00f3n<\/strong>Ponte en contacto con el servicio de atenci\u00f3n al jugador de IBO a trav\u00e9s del sitio web oficial.<\/li><\/ul><hr \/><h3><strong>6. preguntas m\u00e1s frecuentes<\/strong><\/h3><h4><strong>\u00bfEs gratuito IBO Player?<\/strong><\/h4><ul><li>La aplicaci\u00f3n ofrece un periodo de prueba gratuito de 7 d\u00edas. Despu\u00e9s de este periodo, se requiere una suscripci\u00f3n anual.<\/li><\/ul><h4><strong>\u00bfPuedo utilizar IBO Player en varios dispositivos?<\/strong><\/h4><ul><li>Cada licencia est\u00e1 vinculada a un dispositivo. Se requiere una activaci\u00f3n independiente para cada dispositivo adicional.<\/li><\/ul><h4><strong>\u00bfC\u00f3mo actualizo una lista IPTV?<\/strong><\/h4><ul><li>Elimina la lista antigua del sitio web de IBO Player y carga la nueva lista.<\/li><\/ul><hr \/><p><strong>\u00a1Disfruta de tus canales favoritos con IBO Player en tu Smart TV!<\/strong><\/p>\t\t\t\t\t\t\t\t<\/div>\n\t\t\t\t<\/div>\n\t\t\t\t\t<\/div>\n\t\t\t\t<\/div>\n\t\t\t\t<\/div>\n\t\t\t\t\t<\/details>\n\t\t\t\t\t\t<details id=\"e-n-accordion-item-7721\" class=\"e-n-accordion-item\" >\n\t\t\t\t<summary class=\"e-n-accordion-item-title\" data-accordion-index=\"2\" tabindex=\"-1\" aria-expanded=\"false\" aria-controls=\"e-n-accordion-item-7721\" >\n\t\t\t\t\t<span class='e-n-accordion-item-title-header'><div class=\"e-n-accordion-item-title-text\"> Android\/IOS <\/div><\/span>\n\t\t\t\t\t\t\t<span class='e-n-accordion-item-title-icon'>\n\t\t\t<span class='e-opened' ><svg aria-hidden=\"true\" class=\"e-font-icon-svg e-fas-minus\" viewbox=\"0 0 448 512\" xmlns=\"http:\/\/www.w3.org\/2000\/svg\"><path d=\"M416 208H32c-17.67 0-32 14.33-32 32v32c0 17.67 14.33 32 32 32h384c17.67 0 32-14.33 32-32v-32c0-17.67-14.33-32-32-32z\"><\/path><\/svg><\/span>\n\t\t\t<span class='e-closed'><svg aria-hidden=\"true\" class=\"e-font-icon-svg e-fas-plus\" viewbox=\"0 0 448 512\" xmlns=\"http:\/\/www.w3.org\/2000\/svg\"><path d=\"M416 208H272V64c0-17.67-14.33-32-32-32h-32c-17.67 0-32 14.33-32 32v144H32c-17.67 0-32 14.33-32 32v32c0 17.67 14.33 32 32 32h144v144c0 17.67 14.33 32 32 32h32c17.67 0 32-14.33 32-32V304h144c17.67 0 32-14.33 32-32v-32c0-17.67-14.33-32-32-32z\"><\/path><\/svg><\/span>\n\t\t<\/span>\n\n\t\t\t\t\t\t<\/summary>\n\t\t\t\t<div role=\"region\" aria-labelledby=\"e-n-accordion-item-7721\" class=\"elementor-element elementor-element-540706e0 e-con-full e-flex e-con e-child\" data-id=\"540706e0\" data-element_type=\"container\" data-e-type=\"container\">\n\t\t<div role=\"region\" aria-labelledby=\"e-n-accordion-item-7721\" class=\"elementor-element elementor-element-6f5c69f4 e-flex e-con-boxed e-con e-child\" data-id=\"6f5c69f4\" data-element_type=\"container\" data-e-type=\"container\">\n\t\t\t\t\t<div class=\"e-con-inner\">\n\t\t\t\t<div class=\"elementor-element elementor-element-174f3380 elementor-widget elementor-widget-text-editor\" data-id=\"174f3380\" data-element_type=\"widget\" data-e-type=\"widget\" data-widget_type=\"text-editor.default\">\n\t\t\t\t<div class=\"elementor-widget-container\">\n\t\t\t\t\t\t\t\t\t<h3><strong>1. descarga e instala IBO Player<\/strong><\/h3><h4><strong>En Android<\/strong><\/h4><ol><li>Abra el <strong>Google Play Store<\/strong>.<\/li><li>Buscar <strong>Jugador IBO<\/strong> en la barra de b\u00fasqueda.<\/li><li>Seleccione la aplicaci\u00f3n y haga clic en <strong>Instale<\/strong>.<\/li><li>Espere a que finalice la instalaci\u00f3n.<\/li><\/ol><h4><strong>En iOS<\/strong><\/h4><ol><li>Abra el <strong>App Store de Apple<\/strong>.<\/li><li>En la barra de b\u00fasqueda, introduzca <strong>Jugador IBO<\/strong> en.<\/li><li>Seleccione la aplicaci\u00f3n y pulse <strong>Cargando<\/strong>.<\/li><li>Si es necesario, introduce la contrase\u00f1a de tu ID de Apple y espera a que finalice la instalaci\u00f3n.<\/li><\/ol><hr \/><h3><strong>2. activar IBO Player<\/strong><\/h3><h4><strong>Paso 1: Iniciar la aplicaci\u00f3n<\/strong><\/h4><ul><li>Abre IBO Player en tu dispositivo.<\/li><\/ul><h4><strong>Paso 2: Recuperar el ID del dispositivo<\/strong><\/h4><ul><li>Tras el primer inicio, la aplicaci\u00f3n muestra un <strong>ID del dispositivo<\/strong> y un <strong>Clave del dispositivo<\/strong> a.<ul><li>Anote esta informaci\u00f3n o haga una captura de pantalla.<\/li><\/ul><\/li><\/ul><h4><strong>Paso 3: Activar la aplicaci\u00f3n en el sitio web oficial<\/strong><\/h4><ol><li>Visite el sitio web: <a href=\"https:\/\/iboiptv.com\/\" target=\"_blank\" rel=\"noopener\">https:\/\/iboiptv.com<\/a>.<\/li><li>Haga clic en <strong>Activar<\/strong> o <strong>Registrar dispositivo<\/strong>.<\/li><li>Introduzca su <strong>ID del dispositivo<\/strong> y su <strong>Clave del dispositivo<\/strong> en.<\/li><li>Pague la cuota de activaci\u00f3n (suele haber un periodo de prueba gratuito).<\/li><\/ol><hr \/><h3><strong>3. a\u00f1adir una lista IPTV<\/strong><\/h3><h4><strong>Paso 1: Obtener una URL M3U o c\u00f3digos Xtream<\/strong><\/h4><ul><li>Solicite la <strong>URL M3U<\/strong> o el <strong>C\u00f3digos Xtream<\/strong> con tu proveedor de IPTV.<\/li><\/ul><h4><strong>Paso 2: A\u00f1adir lista de IPTV a IBO Player<\/strong><\/h4><ol><li>Reg\u00edstrese en <a href=\"https:\/\/iboiptv.com\/\" target=\"_blank\" rel=\"noopener\">Sitio web del IBO Player<\/a> a.<\/li><li>Haga clic en <strong>Cargar lista de reproducci\u00f3n<\/strong> o <strong>A\u00f1adir lista de reproducci\u00f3n<\/strong>.<\/li><li>Introduzca la siguiente informaci\u00f3n:<ul><li><strong>Nombre de la lista<\/strong>Nombre de la lista de reproducci\u00f3n<\/li><li><strong>Tipo<\/strong>: Elija entre <strong>URL M3U<\/strong> o <strong>C\u00f3digos Xtream<\/strong>.<\/li><li><strong>URL o datos de acceso<\/strong>Introduzca los datos de su proveedor.<\/li><\/ul><\/li><\/ol><h4><strong>Paso 3: Sincronizar la lista de reproducci\u00f3n<\/strong><\/h4><ul><li>Vuelve a la aplicaci\u00f3n en tu dispositivo y rein\u00edciala.<\/li><li>Tu lista de IPTV se muestra autom\u00e1ticamente.<\/li><\/ul><hr \/><h3><strong>4. uso de IBO Player<\/strong><\/h3><h4><strong>Navegar por los canales<\/strong><\/h4><ul><li>Despu\u00e9s de cargar la lista, ver\u00e1s los canales organizados por categor\u00edas (TV en directo, pel\u00edculas, series).<\/li><li>Pulse sobre los canales deseados para reproducirlos.<\/li><\/ul><h4><strong>Funciones adicionales<\/strong><\/h4><ul><li><strong>Subt\u00edtulo<\/strong>Active los subt\u00edtulos en los ajustes de reproducci\u00f3n, si est\u00e1n disponibles.<\/li><li><strong>Favoritos<\/strong>Marca los canales como favoritos para acceder a ellos m\u00e1s r\u00e1pidamente.<\/li><li><strong>Buscar en<\/strong>Utilice la funci\u00f3n de b\u00fasqueda para encontrar canales o programas espec\u00edficos.<\/li><\/ul><hr \/><h3><strong>5. consejos para los problemas<\/strong><\/h3><ul><li><strong>Lista vac\u00eda<\/strong>Comprueba la URL M3U o los c\u00f3digos Xtream con tu proveedor.<\/li><li><strong>Error de reproducci\u00f3n<\/strong>Aseg\u00farese de que su conexi\u00f3n a Internet es estable.<\/li><li><strong>Problemas de activaci\u00f3n<\/strong>Ponte en contacto con el servicio de atenci\u00f3n al jugador de IBO a trav\u00e9s del sitio web oficial.<\/li><\/ul><hr \/><h3><strong>6. preguntas m\u00e1s frecuentes<\/strong><\/h3><h4><strong>\u00bfEs gratuito IBO Player?<\/strong><\/h4><ul><li>La aplicaci\u00f3n ofrece un periodo de prueba gratuito de 7 d\u00edas. Despu\u00e9s de este periodo, se requiere una suscripci\u00f3n anual.<\/li><\/ul><h4><strong>\u00bfPuedo utilizar IBO Player en varios dispositivos?<\/strong><\/h4><ul><li>Cada licencia est\u00e1 vinculada a un dispositivo. Se requiere una activaci\u00f3n independiente para cada dispositivo adicional.<\/li><\/ul><h4><strong>\u00bfC\u00f3mo actualizo una lista IPTV?<\/strong><\/h4><ul><li>Elimina la lista antigua del sitio web de IBO Player y carga la nueva lista.<\/li><\/ul><hr \/><p><strong>\u00a1Disfruta de tus canales IPTV en tu dispositivo Android o iOS con IBO Player!<\/strong><\/p>\t\t\t\t\t\t\t\t<\/div>\n\t\t\t\t<\/div>\n\t\t\t\t\t<\/div>\n\t\t\t\t<\/div>\n\t\t\t\t<\/div>\n\t\t\t\t\t<\/details>\n\t\t\t\t\t\t<details id=\"e-n-accordion-item-7722\" class=\"e-n-accordion-item\" >\n\t\t\t\t<summary class=\"e-n-accordion-item-title\" data-accordion-index=\"3\" tabindex=\"-1\" aria-expanded=\"false\" aria-controls=\"e-n-accordion-item-7722\" >\n\t\t\t\t\t<span class='e-n-accordion-item-title-header'><div class=\"e-n-accordion-item-title-text\"> Windows\/Mac <\/div><\/span>\n\t\t\t\t\t\t\t<span class='e-n-accordion-item-title-icon'>\n\t\t\t<span class='e-opened' ><svg aria-hidden=\"true\" class=\"e-font-icon-svg e-fas-minus\" viewbox=\"0 0 448 512\" xmlns=\"http:\/\/www.w3.org\/2000\/svg\"><path d=\"M416 208H32c-17.67 0-32 14.33-32 32v32c0 17.67 14.33 32 32 32h384c17.67 0 32-14.33 32-32v-32c0-17.67-14.33-32-32-32z\"><\/path><\/svg><\/span>\n\t\t\t<span class='e-closed'><svg aria-hidden=\"true\" class=\"e-font-icon-svg e-fas-plus\" viewbox=\"0 0 448 512\" xmlns=\"http:\/\/www.w3.org\/2000\/svg\"><path d=\"M416 208H272V64c0-17.67-14.33-32-32-32h-32c-17.67 0-32 14.33-32 32v144H32c-17.67 0-32 14.33-32 32v32c0 17.67 14.33 32 32 32h144v144c0 17.67 14.33 32 32 32h32c17.67 0 32-14.33 32-32V304h144c17.67 0 32-14.33 32-32v-32c0-17.67-14.33-32-32-32z\"><\/path><\/svg><\/span>\n\t\t<\/span>\n\n\t\t\t\t\t\t<\/summary>\n\t\t\t\t<div role=\"region\" aria-labelledby=\"e-n-accordion-item-7722\" class=\"elementor-element elementor-element-ab9821 e-con-full e-flex e-con e-child\" data-id=\"ab9821\" data-element_type=\"container\" data-e-type=\"container\">\n\t\t<div role=\"region\" aria-labelledby=\"e-n-accordion-item-7722\" class=\"elementor-element elementor-element-796eb3e8 e-flex e-con-boxed e-con e-child\" data-id=\"796eb3e8\" data-element_type=\"container\" data-e-type=\"container\">\n\t\t\t\t\t<div class=\"e-con-inner\">\n\t\t\t\t<div class=\"elementor-element elementor-element-3f6acdc6 elementor-widget elementor-widget-text-editor\" data-id=\"3f6acdc6\" data-element_type=\"widget\" data-e-type=\"widget\" data-widget_type=\"text-editor.default\">\n\t\t\t\t<div class=\"elementor-widget-container\">\n\t\t\t\t\t\t\t\t\t<h3><strong>1. instalaci\u00f3n del IBO Player en Windows y Mac<\/strong><\/h3><h4><strong>Paso 1: Descarga la aplicaci\u00f3n IBO Player<\/strong><\/h4><ol><li>Visite el sitio web oficial: <a href=\"https:\/\/iboiptv.com\/\" target=\"_blank\" rel=\"noopener\">https:\/\/iboiptv.com<\/a>.<\/li><li>Navegue hasta la secci\u00f3n <strong>Descargas<\/strong>.<\/li><li>Seleccione la versi\u00f3n para su sistema operativo:<ul><li><strong>Windows<\/strong>Haga clic en el enlace de la versi\u00f3n para Windows.<\/li><li><strong>Mac<\/strong>Haga clic en el enlace para la versi\u00f3n Mac.<\/li><\/ul><\/li><\/ol><h4><strong>Paso 2: Instalaci\u00f3n<\/strong><\/h4><ul><li><p><strong>En Windows<\/strong>:<\/p><ol><li>Abra el archivo descargado <strong>Archivo .exe<\/strong>.<\/li><li>Siga las instrucciones del asistente de instalaci\u00f3n.<\/li><li>Una vez finalizada la instalaci\u00f3n, inicie la aplicaci\u00f3n.<\/li><\/ol><\/li><li><p><strong>En Mac<\/strong>:<\/p><ol><li>Abra el archivo descargado <strong>Archivo .dmg<\/strong>.<\/li><li>Arrastre el icono de IBO Player al <strong>Carpeta del programa<\/strong>.<\/li><li>Abre la aplicaci\u00f3n a trav\u00e9s de la carpeta Aplicaciones.<\/li><\/ol><\/li><\/ul><hr \/><h3><strong>2. activaci\u00f3n de IBO Player<\/strong><\/h3><h4><strong>Paso 1: Iniciar la aplicaci\u00f3n<\/strong><\/h4><ul><li>Abre IBO Player en tu ordenador.<\/li><\/ul><h4><strong>Paso 2: Recuperar el ID del dispositivo<\/strong><\/h4><ul><li>Tras iniciarse, la aplicaci\u00f3n muestra un <strong>ID del dispositivo<\/strong> y un <strong>Clave del dispositivo<\/strong> a.<ul><li>Anote esta informaci\u00f3n o haga una captura de pantalla.<\/li><\/ul><\/li><\/ul><h4><strong>Paso 3: Activar la aplicaci\u00f3n en el sitio web oficial<\/strong><\/h4><ol><li>Visite el sitio web: <a href=\"https:\/\/iboiptv.com\/\" target=\"_blank\" rel=\"noopener\">https:\/\/iboiptv.com<\/a>.<\/li><li>Haga clic en <strong>Activar<\/strong> o <strong>Registrar dispositivo<\/strong>.<\/li><li>Introduzca su <strong>ID del dispositivo<\/strong> y su <strong>Clave del dispositivo<\/strong> en.<\/li><li>Pague la cuota de activaci\u00f3n (suele haber un periodo de prueba gratuito).<\/li><\/ol><hr \/><h3><strong>3. a\u00f1adir una lista IPTV<\/strong><\/h3><h4><strong>Paso 1: Obtener una URL M3U o c\u00f3digos Xtream<\/strong><\/h4><ul><li>Solicite la <strong>URL M3U<\/strong> o el <strong>C\u00f3digos Xtream<\/strong> con tu proveedor de IPTV.<\/li><\/ul><h4><strong>Paso 2: A\u00f1adir lista de IPTV a IBO Player<\/strong><\/h4><ol><li>Reg\u00edstrese en <a href=\"https:\/\/iboiptv.com\/\" target=\"_blank\" rel=\"noopener\">Sitio web del IBO Player<\/a> a.<\/li><li>Haga clic en <strong>Cargar lista de reproducci\u00f3n<\/strong> o <strong>A\u00f1adir lista de reproducci\u00f3n<\/strong>.<\/li><li>Introduzca la siguiente informaci\u00f3n:<ul><li><strong>Nombre de la lista<\/strong>Nombre de la lista de reproducci\u00f3n<\/li><li><strong>Tipo<\/strong>: Elija entre <strong>URL M3U<\/strong> o <strong>C\u00f3digos Xtream<\/strong>.<\/li><li><strong>URL o datos de acceso<\/strong>Introduzca los datos de su proveedor.<\/li><\/ul><\/li><\/ol><h4><strong>Paso 3: Sincronizar la lista de reproducci\u00f3n<\/strong><\/h4><ul><li>Vuelve a la aplicaci\u00f3n en tu ordenador y rein\u00edciala.<\/li><li>Tu lista de IPTV se muestra autom\u00e1ticamente.<\/li><\/ul><hr \/><h3><strong>4. uso de IBO Player<\/strong><\/h3><h4><strong>Navegar por los canales<\/strong><\/h4><ul><li>Una vez cargada la lista, los canales se organizan por categor\u00edas (por ejemplo, TV en directo, pel\u00edculas, series).<\/li><li>Utiliza el rat\u00f3n o el teclado para navegar por los canales y reproducir contenidos.<\/li><\/ul><h4><strong>Funciones adicionales<\/strong><\/h4><ul><li><strong>Modo de pantalla completa<\/strong>Activa el modo de pantalla completa para disfrutar de una mejor experiencia visual.<\/li><li><strong>Favoritos<\/strong>Marca tus canales favoritos para acceder r\u00e1pidamente a ellos.<\/li><li><strong>Buscar en<\/strong>Utilice la funci\u00f3n de b\u00fasqueda para encontrar canales o contenidos espec\u00edficos.<\/li><\/ul><hr \/><h3><strong>5. consejos para los problemas<\/strong><\/h3><ul><li><strong>Lista vac\u00eda<\/strong>Comprueba la URL M3U o los c\u00f3digos Xtream con tu proveedor.<\/li><li><strong>Error de reproducci\u00f3n<\/strong>Aseg\u00farese de que su conexi\u00f3n a Internet es estable.<\/li><li><strong>Problemas de activaci\u00f3n<\/strong>Ponte en contacto con el servicio de atenci\u00f3n al jugador de IBO a trav\u00e9s del sitio web oficial.<\/li><\/ul><hr \/><h3><strong>6. preguntas m\u00e1s frecuentes<\/strong><\/h3><h4><strong>\u00bfEs gratuito IBO Player?<\/strong><\/h4><ul><li>La aplicaci\u00f3n ofrece un periodo de prueba gratuito de 7 d\u00edas. Despu\u00e9s de este periodo, se requiere una suscripci\u00f3n anual.<\/li><\/ul><h4><strong>\u00bfPuedo utilizar IBO Player en varios dispositivos?<\/strong><\/h4><ul><li>Cada licencia est\u00e1 vinculada a un dispositivo. Se requiere una activaci\u00f3n independiente para cada dispositivo adicional.<\/li><\/ul><h4><strong>\u00bfC\u00f3mo actualizo una lista IPTV?<\/strong><\/h4><ul><li>Elimina la lista antigua del sitio web de IBO Player y carga la nueva lista.<\/li><\/ul><hr \/><p><strong>\u00a1Disfruta de tus canales favoritos con IBO Player en Windows y Mac con la mejor calidad!<\/strong><\/p>\t\t\t\t\t\t\t\t<\/div>\n\t\t\t\t<\/div>\n\t\t\t\t\t<\/div>\n\t\t\t\t<\/div>\n\t\t\t\t<\/div>\n\t\t\t\t\t<\/details>\n\t\t\t\t\t<\/div>\n\t\t\t\t\t\t<\/div>\n\t\t\t\t<\/div>\n\t\t\t\t\t<\/div>\n\t\t\t\t<\/div>\n\t\t\t\t<\/div>","protected":false},"excerpt":{"rendered":"<p>smart tv 1. Installation von IBO Player auf Ihrem Smart TV Schritt 1: \u00d6ffnen Sie den App-Store Ihres Smart TVs [&hellip;]<\/p>\n","protected":false},"author":1,"featured_media":0,"parent":0,"menu_order":0,"comment_status":"closed","ping_status":"closed","template":"","meta":{"site-sidebar-layout":"no-sidebar","site-content-layout":"","ast-site-content-layout":"full-width-container","site-content-style":"default","site-sidebar-style":"default","ast-global-header-display":"","ast-banner-title-visibility":"","ast-main-header-display":"","ast-hfb-above-header-display":"","ast-hfb-below-header-display":"","ast-hfb-mobile-header-display":"","site-post-title":"disabled","ast-breadcrumbs-content":"","ast-featured-img":"disabled","footer-sml-layout":"","ast-disable-related-posts":"","theme-transparent-header-meta":"","adv-header-id-meta":"","stick-header-meta":"","header-above-stick-meta":"","header-main-stick-meta":"","header-below-stick-meta":"","astra-migrate-meta-layouts":"default","ast-page-background-enabled":"default","ast-page-background-meta":{"desktop":{"background-color":"var(--ast-global-color-4)","background-image":"","background-repeat":"repeat","background-position":"center center","background-size":"auto","background-attachment":"scroll","background-type":"","background-media":"","overlay-type":"","overlay-color":"","overlay-opacity":"","overlay-gradient":""},"tablet":{"background-color":"","background-image":"","background-repeat":"repeat","background-position":"center center","background-size":"auto","background-attachment":"scroll","background-type":"","background-media":"","overlay-type":"","overlay-color":"","overlay-opacity":"","overlay-gradient":""},"mobile":{"background-color":"","background-image":"","background-repeat":"repeat","background-position":"center center","background-size":"auto","background-attachment":"scroll","background-type":"","background-media":"","overlay-type":"","overlay-color":"","overlay-opacity":"","overlay-gradient":""}},"ast-content-background-meta":{"desktop":{"background-color":"var(--ast-global-color-5)","background-image":"","background-repeat":"repeat","background-position":"center center","background-size":"auto","background-attachment":"scroll","background-type":"","background-media":"","overlay-type":"","overlay-color":"","overlay-opacity":"","overlay-gradient":""},"tablet":{"background-color":"var(--ast-global-color-5)","background-image":"","background-repeat":"repeat","background-position":"center center","background-size":"auto","background-attachment":"scroll","background-type":"","background-media":"","overlay-type":"","overlay-color":"","overlay-opacity":"","overlay-gradient":""},"mobile":{"background-color":"var(--ast-global-color-5)","background-image":"","background-repeat":"repeat","background-position":"center center","background-size":"auto","background-attachment":"scroll","background-type":"","background-media":"","overlay-type":"","overlay-color":"","overlay-opacity":"","overlay-gradient":""}},"footnotes":""},"class_list":["post-519","page","type-page","status-publish","hentry"],"_links":{"self":[{"href":"https:\/\/ibo-player.online\/es\/wp-json\/wp\/v2\/pages\/519","targetHints":{"allow":["GET"]}}],"collection":[{"href":"https:\/\/ibo-player.online\/es\/wp-json\/wp\/v2\/pages"}],"about":[{"href":"https:\/\/ibo-player.online\/es\/wp-json\/wp\/v2\/types\/page"}],"author":[{"embeddable":true,"href":"https:\/\/ibo-player.online\/es\/wp-json\/wp\/v2\/users\/1"}],"replies":[{"embeddable":true,"href":"https:\/\/ibo-player.online\/es\/wp-json\/wp\/v2\/comments?post=519"}],"version-history":[{"count":9,"href":"https:\/\/ibo-player.online\/es\/wp-json\/wp\/v2\/pages\/519\/revisions"}],"predecessor-version":[{"id":533,"href":"https:\/\/ibo-player.online\/es\/wp-json\/wp\/v2\/pages\/519\/revisions\/533"}],"wp:attachment":[{"href":"https:\/\/ibo-player.online\/es\/wp-json\/wp\/v2\/media?parent=519"}],"curies":[{"name":"wp","href":"https:\/\/api.w.org\/{rel}","templated":true}]}}