{"id":519,"date":"2025-01-17T15:24:29","date_gmt":"2025-01-17T15:24:29","guid":{"rendered":"https:\/\/ibo-player.online\/?page_id=519"},"modified":"2025-01-17T15:37:05","modified_gmt":"2025-01-17T15:37:05","slug":"downloads","status":"publish","type":"page","link":"https:\/\/ibo-player.online\/pt_br\/downloads\/","title":{"rendered":"DOWNLOADS"},"content":{"rendered":"<div data-elementor-type=\"wp-page\" data-elementor-id=\"519\" class=\"elementor elementor-519\" data-elementor-post-type=\"page\">\n\t\t\t\t<div class=\"elementor-element elementor-element-66d00220 e-flex e-con-boxed e-con e-parent\" data-id=\"66d00220\" data-element_type=\"container\" data-e-type=\"container\">\n\t\t\t\t\t<div class=\"e-con-inner\">\n\t\t\t\t<div class=\"elementor-element elementor-element-2e0a8476 elementor-widget elementor-widget-n-accordion\" data-id=\"2e0a8476\" data-element_type=\"widget\" data-e-type=\"widget\" data-settings=\"{&quot;default_state&quot;:&quot;expanded&quot;,&quot;max_items_expended&quot;:&quot;one&quot;,&quot;n_accordion_animation_duration&quot;:{&quot;unit&quot;:&quot;ms&quot;,&quot;size&quot;:400,&quot;sizes&quot;:[]}}\" data-widget_type=\"nested-accordion.default\">\n\t\t\t\t<div class=\"elementor-widget-container\">\n\t\t\t\t\t\t\t<div class=\"e-n-accordion\" aria-label=\"Accordion. Open links with Enter or Space, close with Escape, and navigate with Arrow Keys\">\n\t\t\t\t\t\t<details id=\"e-n-accordion-item-7720\" class=\"e-n-accordion-item\" open>\n\t\t\t\t<summary class=\"e-n-accordion-item-title\" data-accordion-index=\"1\" tabindex=\"0\" aria-expanded=\"true\" aria-controls=\"e-n-accordion-item-7720\" >\n\t\t\t\t\t<span class='e-n-accordion-item-title-header'><div class=\"e-n-accordion-item-title-text\"> smart tv <\/div><\/span>\n\t\t\t\t\t\t\t<span class='e-n-accordion-item-title-icon'>\n\t\t\t<span class='e-opened' ><svg aria-hidden=\"true\" class=\"e-font-icon-svg e-fas-minus\" viewbox=\"0 0 448 512\" xmlns=\"http:\/\/www.w3.org\/2000\/svg\"><path d=\"M416 208H32c-17.67 0-32 14.33-32 32v32c0 17.67 14.33 32 32 32h384c17.67 0 32-14.33 32-32v-32c0-17.67-14.33-32-32-32z\"><\/path><\/svg><\/span>\n\t\t\t<span class='e-closed'><svg aria-hidden=\"true\" class=\"e-font-icon-svg e-fas-plus\" viewbox=\"0 0 448 512\" xmlns=\"http:\/\/www.w3.org\/2000\/svg\"><path d=\"M416 208H272V64c0-17.67-14.33-32-32-32h-32c-17.67 0-32 14.33-32 32v144H32c-17.67 0-32 14.33-32 32v32c0 17.67 14.33 32 32 32h144v144c0 17.67 14.33 32 32 32h32c17.67 0 32-14.33 32-32V304h144c17.67 0 32-14.33 32-32v-32c0-17.67-14.33-32-32-32z\"><\/path><\/svg><\/span>\n\t\t<\/span>\n\n\t\t\t\t\t\t<\/summary>\n\t\t\t\t<div role=\"region\" aria-labelledby=\"e-n-accordion-item-7720\" class=\"elementor-element elementor-element-1971b0fc e-con-full e-flex e-con e-child\" data-id=\"1971b0fc\" data-element_type=\"container\" data-e-type=\"container\">\n\t\t<div role=\"region\" aria-labelledby=\"e-n-accordion-item-7720\" class=\"elementor-element elementor-element-955eb82 e-flex e-con-boxed e-con e-child\" data-id=\"955eb82\" data-element_type=\"container\" data-e-type=\"container\">\n\t\t\t\t\t<div class=\"e-con-inner\">\n\t\t\t\t<div class=\"elementor-element elementor-element-152ebbe5 elementor-widget elementor-widget-text-editor\" data-id=\"152ebbe5\" data-element_type=\"widget\" data-e-type=\"widget\" data-widget_type=\"text-editor.default\">\n\t\t\t\t<div class=\"elementor-widget-container\">\n\t\t\t\t\t\t\t\t\t<h3><strong>1. Installation von IBO Player auf Ihrem Smart TV<\/strong><\/h3><h4><strong>Schritt 1: \u00d6ffnen Sie den App-Store Ihres Smart TVs<\/strong><\/h4><ul><li><strong>Samsung TV<\/strong>: \u00d6ffnen Sie den <strong>Samsung Smart Hub<\/strong>.<\/li><li><strong>LG TV<\/strong>: Gehen Sie zum <strong>LG Content Store<\/strong>.<\/li><li><strong>Andere Modelle<\/strong>: \u00d6ffnen Sie den App-Store Ihres Fernsehers.<\/li><\/ul><h4><strong>Schritt 2: Suchen Sie nach der App<\/strong><\/h4><ul><li>Nutzen Sie die Suchfunktion und geben Sie <strong>Jogador do IBO<\/strong> ein.<\/li><li>W\u00e4hlen Sie die App aus den Suchergebnissen aus.<\/li><\/ul><h4><strong>Schritt 3: Herunterladen und installieren<\/strong><\/h4><ul><li>Klicken Sie auf <strong>Herunterladen<\/strong> oder <strong>Installieren<\/strong>.<\/li><li>Warten Sie, bis die Installation abgeschlossen ist.<\/li><\/ul><hr \/><h3><strong>2. Aktivierung von IBO Player<\/strong><\/h3><h4><strong>Schritt 1: Starten Sie die App<\/strong><\/h4><ul><li>\u00d6ffnen Sie IBO Player \u00fcber das Men\u00fc Ihrer Smart TV-Apps.<\/li><\/ul><h4><strong>Schritt 2: Ger\u00e4te-ID abrufen<\/strong><\/h4><ul><li>Beim ersten Start zeigt die App eine <strong>Device ID<\/strong> und einen <strong>Device Key<\/strong> an.<ul><li>Notieren Sie diese Informationen oder machen Sie ein Foto.<\/li><\/ul><\/li><\/ul><h4><strong>Schritt 3: Aktivieren Sie die App auf der offiziellen Website<\/strong><\/h4><ol><li>Besuchen Sie die offizielle Website von IBO Player: <a href=\"https:\/\/iboiptv.com\/\" target=\"_blank\" rel=\"noopener\">https:\/\/iboiptv.com<\/a>.<\/li><li>Klicken Sie auf <strong>Activate<\/strong> oder <strong>Register Device<\/strong>.<\/li><li>Geben Sie Ihre <strong>Device ID<\/strong> und Ihren <strong>Device Key<\/strong> ein.<\/li><li>Bezahlen Sie die Aktivierungsgeb\u00fchr (in der Regel ist ein kostenloser Testzeitraum verf\u00fcgbar).<\/li><\/ol><hr \/><h3><strong>3. Hinzuf\u00fcgen einer IPTV-Liste<\/strong><\/h3><h4><strong>Schritt 1: Besorgen Sie sich eine M3U-URL oder Xtream-Codes<\/strong><\/h4><ul><li>Fordern Sie die <strong>M3U-URL<\/strong> oder die <strong>Xtream-Codes<\/strong> bei Ihrem IPTV-Anbieter an.<\/li><\/ul><h4><strong>Schritt 2: IPTV-Liste zu IBO Player hinzuf\u00fcgen<\/strong><\/h4><ol><li>Melden Sie sich auf der <a href=\"https:\/\/iboiptv.com\/\" target=\"_blank\" rel=\"noopener\">IBO Player Website<\/a> an.<\/li><li>Klicken Sie auf <strong>Upload Playlist<\/strong> oder <strong>Add Playlist<\/strong>.<\/li><li>Geben Sie folgende Informationen ein:<ul><li><strong>Name der Liste<\/strong>: Geben Sie Ihrer Playlist einen Namen.<\/li><li><strong>Typ<\/strong>: W\u00e4hlen Sie zwischen <strong>M3U URL<\/strong> oder <strong>Xtream Codes<\/strong>.<\/li><li><strong>URL oder Zugangsdaten<\/strong>: Geben Sie die Informationen Ihres Anbieters ein.<\/li><\/ul><\/li><\/ol><h4><strong>Schritt 3: Playlist synchronisieren<\/strong><\/h4><ul><li>Kehren Sie zu Ihrem Smart TV zur\u00fcck und starten Sie die IBO Player App neu.<\/li><li>Ihre IPTV-Liste wird automatisch angezeigt.<\/li><\/ul><hr \/><h3><strong>4. Konfiguration und Nutzung von IBO Player<\/strong><\/h3><h4><strong>Navigieren durch die Kan\u00e4le<\/strong><\/h4><ul><li>Nach dem Hochladen der Liste werden die Kan\u00e4le nach Kategorien (Live-TV, Filme, Serien) organisiert angezeigt.<\/li><li>Verwenden Sie die Pfeiltasten Ihrer Fernbedienung, um durch die Kan\u00e4le zu navigieren.<\/li><\/ul><h4><strong>Zus\u00e4tzliche Funktionen<\/strong><\/h4><ul><li><strong>Untertitel<\/strong>: Falls verf\u00fcgbar, k\u00f6nnen Untertitel in den Wiedergabeeinstellungen aktiviert werden.<\/li><li><strong>Favoriten<\/strong>: Markieren Sie Kan\u00e4le als Favoriten f\u00fcr einen schnelleren Zugriff.<\/li><li><strong>Suche<\/strong>: Nutzen Sie die Suchfunktion, um bestimmte Kan\u00e4le oder Programme zu finden.<\/li><\/ul><hr \/><h3><strong>5. Tipps bei Problemen<\/strong><\/h3><ul><li><strong>Leere Liste<\/strong>: \u00dcberpr\u00fcfen Sie die M3U-URL oder die Xtream-Codes bei Ihrem Anbieter.<\/li><li><strong>Wiedergabefehler<\/strong>: Stellen Sie sicher, dass Ihre Internetverbindung stabil ist.<\/li><li><strong>Aktivierungsprobleme<\/strong>: Kontaktieren Sie den Support von IBO Player \u00fcber die offizielle Website.<\/li><\/ul><hr \/><h3><strong>6. H\u00e4ufig gestellte Fragen<\/strong><\/h3><h4><strong>Ist IBO Player kostenlos?<\/strong><\/h4><ul><li>Die App bietet eine 7-t\u00e4gige kostenlose Testphase. Nach Ablauf dieser Zeit ist ein j\u00e4hrliches Abonnement erforderlich.<\/li><\/ul><h4><strong>Kann ich IBO Player auf mehreren Ger\u00e4ten nutzen?<\/strong><\/h4><ul><li>Jede Lizenz ist an ein Ger\u00e4t gebunden. F\u00fcr jedes zus\u00e4tzliche Ger\u00e4t ist eine separate Aktivierung erforderlich.<\/li><\/ul><h4><strong>Wie aktualisiere ich eine IPTV-Liste?<\/strong><\/h4><ul><li>L\u00f6schen Sie die alte Liste auf der IBO Player Website und laden Sie die neue Liste hoch.<\/li><\/ul><hr \/><p><strong>Genie\u00dfen Sie Ihre Lieblingskan\u00e4le mit IBO Player auf Ihrem Smart TV!<\/strong><\/p>\t\t\t\t\t\t\t\t<\/div>\n\t\t\t\t<\/div>\n\t\t\t\t\t<\/div>\n\t\t\t\t<\/div>\n\t\t\t\t<\/div>\n\t\t\t\t\t<\/details>\n\t\t\t\t\t\t<details id=\"e-n-accordion-item-7721\" class=\"e-n-accordion-item\" >\n\t\t\t\t<summary class=\"e-n-accordion-item-title\" data-accordion-index=\"2\" tabindex=\"-1\" aria-expanded=\"false\" aria-controls=\"e-n-accordion-item-7721\" >\n\t\t\t\t\t<span class='e-n-accordion-item-title-header'><div class=\"e-n-accordion-item-title-text\"> Android\/IOS <\/div><\/span>\n\t\t\t\t\t\t\t<span class='e-n-accordion-item-title-icon'>\n\t\t\t<span class='e-opened' ><svg aria-hidden=\"true\" class=\"e-font-icon-svg e-fas-minus\" viewbox=\"0 0 448 512\" xmlns=\"http:\/\/www.w3.org\/2000\/svg\"><path d=\"M416 208H32c-17.67 0-32 14.33-32 32v32c0 17.67 14.33 32 32 32h384c17.67 0 32-14.33 32-32v-32c0-17.67-14.33-32-32-32z\"><\/path><\/svg><\/span>\n\t\t\t<span class='e-closed'><svg aria-hidden=\"true\" class=\"e-font-icon-svg e-fas-plus\" viewbox=\"0 0 448 512\" xmlns=\"http:\/\/www.w3.org\/2000\/svg\"><path d=\"M416 208H272V64c0-17.67-14.33-32-32-32h-32c-17.67 0-32 14.33-32 32v144H32c-17.67 0-32 14.33-32 32v32c0 17.67 14.33 32 32 32h144v144c0 17.67 14.33 32 32 32h32c17.67 0 32-14.33 32-32V304h144c17.67 0 32-14.33 32-32v-32c0-17.67-14.33-32-32-32z\"><\/path><\/svg><\/span>\n\t\t<\/span>\n\n\t\t\t\t\t\t<\/summary>\n\t\t\t\t<div role=\"region\" aria-labelledby=\"e-n-accordion-item-7721\" class=\"elementor-element elementor-element-540706e0 e-con-full e-flex e-con e-child\" data-id=\"540706e0\" data-element_type=\"container\" data-e-type=\"container\">\n\t\t<div role=\"region\" aria-labelledby=\"e-n-accordion-item-7721\" class=\"elementor-element elementor-element-6f5c69f4 e-flex e-con-boxed e-con e-child\" data-id=\"6f5c69f4\" data-element_type=\"container\" data-e-type=\"container\">\n\t\t\t\t\t<div class=\"e-con-inner\">\n\t\t\t\t<div class=\"elementor-element elementor-element-174f3380 elementor-widget elementor-widget-text-editor\" data-id=\"174f3380\" data-element_type=\"widget\" data-e-type=\"widget\" data-widget_type=\"text-editor.default\">\n\t\t\t\t<div class=\"elementor-widget-container\">\n\t\t\t\t\t\t\t\t\t<h3><strong>1. Herunterladen und Installieren von IBO Player<\/strong><\/h3><h4><strong>Auf Android<\/strong><\/h4><ol><li>\u00d6ffnen Sie den <strong>Google Play Store<\/strong>.<\/li><li>Suchen Sie nach <strong>Jogador do IBO<\/strong> in der Suchleiste.<\/li><li>W\u00e4hlen Sie die App aus und klicken Sie auf <strong>Installieren<\/strong>.<\/li><li>Warten Sie, bis die Installation abgeschlossen ist.<\/li><\/ol><h4><strong>Auf iOS<\/strong><\/h4><ol><li>\u00d6ffnen Sie den <strong>Apple App Store<\/strong>.<\/li><li>Geben Sie in der Suchleiste <strong>Jogador do IBO<\/strong> ein.<\/li><li>W\u00e4hlen Sie die App aus und tippen Sie auf <strong>Laden<\/strong>.<\/li><li>Geben Sie, falls erforderlich, Ihr Apple-ID-Passwort ein und warten Sie, bis die Installation abgeschlossen ist.<\/li><\/ol><hr \/><h3><strong>2. Aktivieren von IBO Player<\/strong><\/h3><h4><strong>Schritt 1: Starten Sie die App<\/strong><\/h4><ul><li>\u00d6ffnen Sie IBO Player auf Ihrem Ger\u00e4t.<\/li><\/ul><h4><strong>Schritt 2: Ger\u00e4te-ID abrufen<\/strong><\/h4><ul><li>Nach dem ersten Start zeigt die App eine <strong>Device ID<\/strong> und einen <strong>Device Key<\/strong> an.<ul><li>Notieren Sie sich diese Informationen oder machen Sie einen Screenshot.<\/li><\/ul><\/li><\/ul><h4><strong>Schritt 3: Aktivieren Sie die App auf der offiziellen Website<\/strong><\/h4><ol><li>Besuchen Sie die Website: <a href=\"https:\/\/iboiptv.com\/\" target=\"_blank\" rel=\"noopener\">https:\/\/iboiptv.com<\/a>.<\/li><li>Klicken Sie auf <strong>Activate<\/strong> oder <strong>Register Device<\/strong>.<\/li><li>Geben Sie Ihre <strong>Device ID<\/strong> und Ihren <strong>Device Key<\/strong> ein.<\/li><li>Bezahlen Sie die Aktivierungsgeb\u00fchr (oft ist ein kostenloser Testzeitraum verf\u00fcgbar).<\/li><\/ol><hr \/><h3><strong>3. Hinzuf\u00fcgen einer IPTV-Liste<\/strong><\/h3><h4><strong>Schritt 1: Besorgen Sie sich eine M3U-URL oder Xtream-Codes<\/strong><\/h4><ul><li>Fordern Sie die <strong>M3U-URL<\/strong> oder die <strong>Xtream-Codes<\/strong> bei Ihrem IPTV-Anbieter an.<\/li><\/ul><h4><strong>Schritt 2: IPTV-Liste zu IBO Player hinzuf\u00fcgen<\/strong><\/h4><ol><li>Melden Sie sich auf der <a href=\"https:\/\/iboiptv.com\/\" target=\"_blank\" rel=\"noopener\">IBO Player Website<\/a> an.<\/li><li>Klicken Sie auf <strong>Upload Playlist<\/strong> oder <strong>Add Playlist<\/strong>.<\/li><li>Geben Sie folgende Informationen ein:<ul><li><strong>Name der Liste<\/strong>: Geben Sie Ihrer Playlist einen Namen.<\/li><li><strong>Typ<\/strong>: W\u00e4hlen Sie zwischen <strong>M3U URL<\/strong> oder <strong>Xtream Codes<\/strong>.<\/li><li><strong>URL oder Zugangsdaten<\/strong>: Geben Sie die Informationen Ihres Anbieters ein.<\/li><\/ul><\/li><\/ol><h4><strong>Schritt 3: Playlist synchronisieren<\/strong><\/h4><ul><li>Kehren Sie zur App auf Ihrem Ger\u00e4t zur\u00fcck und starten Sie sie neu.<\/li><li>Ihre IPTV-Liste wird automatisch angezeigt.<\/li><\/ul><hr \/><h3><strong>4. Nutzung von IBO Player<\/strong><\/h3><h4><strong>Navigieren durch die Kan\u00e4le<\/strong><\/h4><ul><li>Nach dem Hochladen der Liste sehen Sie die Kan\u00e4le nach Kategorien (Live-TV, Filme, Serien) organisiert.<\/li><li>Tippen Sie auf die gew\u00fcnschten Kan\u00e4le, um sie abzuspielen.<\/li><\/ul><h4><strong>Zus\u00e4tzliche Funktionen<\/strong><\/h4><ul><li><strong>Untertitel<\/strong>: Aktivieren Sie Untertitel in den Wiedergabeeinstellungen, falls verf\u00fcgbar.<\/li><li><strong>Favoriten<\/strong>: Markieren Sie Kan\u00e4le als Favoriten f\u00fcr einen schnelleren Zugriff.<\/li><li><strong>Suche<\/strong>: Nutzen Sie die Suchfunktion, um bestimmte Kan\u00e4le oder Programme zu finden.<\/li><\/ul><hr \/><h3><strong>5. Tipps bei Problemen<\/strong><\/h3><ul><li><strong>Leere Liste<\/strong>: \u00dcberpr\u00fcfen Sie die M3U-URL oder die Xtream-Codes bei Ihrem Anbieter.<\/li><li><strong>Wiedergabefehler<\/strong>: Stellen Sie sicher, dass Ihre Internetverbindung stabil ist.<\/li><li><strong>Aktivierungsprobleme<\/strong>: Kontaktieren Sie den Support von IBO Player \u00fcber die offizielle Website.<\/li><\/ul><hr \/><h3><strong>6. H\u00e4ufig gestellte Fragen<\/strong><\/h3><h4><strong>Ist IBO Player kostenlos?<\/strong><\/h4><ul><li>Die App bietet eine 7-t\u00e4gige kostenlose Testphase. Nach Ablauf dieser Zeit ist ein j\u00e4hrliches Abonnement erforderlich.<\/li><\/ul><h4><strong>Kann ich IBO Player auf mehreren Ger\u00e4ten nutzen?<\/strong><\/h4><ul><li>Jede Lizenz ist an ein Ger\u00e4t gebunden. F\u00fcr jedes zus\u00e4tzliche Ger\u00e4t ist eine separate Aktivierung erforderlich.<\/li><\/ul><h4><strong>Wie aktualisiere ich eine IPTV-Liste?<\/strong><\/h4><ul><li>L\u00f6schen Sie die alte Liste auf der IBO Player Website und laden Sie die neue Liste hoch.<\/li><\/ul><hr \/><p><strong>Genie\u00dfen Sie Ihre IPTV-Kan\u00e4le auf Ihrem Android- oder iOS-Ger\u00e4t mit IBO Player!<\/strong><\/p>\t\t\t\t\t\t\t\t<\/div>\n\t\t\t\t<\/div>\n\t\t\t\t\t<\/div>\n\t\t\t\t<\/div>\n\t\t\t\t<\/div>\n\t\t\t\t\t<\/details>\n\t\t\t\t\t\t<details id=\"e-n-accordion-item-7722\" class=\"e-n-accordion-item\" >\n\t\t\t\t<summary class=\"e-n-accordion-item-title\" data-accordion-index=\"3\" tabindex=\"-1\" aria-expanded=\"false\" aria-controls=\"e-n-accordion-item-7722\" >\n\t\t\t\t\t<span class='e-n-accordion-item-title-header'><div class=\"e-n-accordion-item-title-text\"> Windows\/Mac <\/div><\/span>\n\t\t\t\t\t\t\t<span class='e-n-accordion-item-title-icon'>\n\t\t\t<span class='e-opened' ><svg aria-hidden=\"true\" class=\"e-font-icon-svg e-fas-minus\" viewbox=\"0 0 448 512\" xmlns=\"http:\/\/www.w3.org\/2000\/svg\"><path d=\"M416 208H32c-17.67 0-32 14.33-32 32v32c0 17.67 14.33 32 32 32h384c17.67 0 32-14.33 32-32v-32c0-17.67-14.33-32-32-32z\"><\/path><\/svg><\/span>\n\t\t\t<span class='e-closed'><svg aria-hidden=\"true\" class=\"e-font-icon-svg e-fas-plus\" viewbox=\"0 0 448 512\" xmlns=\"http:\/\/www.w3.org\/2000\/svg\"><path d=\"M416 208H272V64c0-17.67-14.33-32-32-32h-32c-17.67 0-32 14.33-32 32v144H32c-17.67 0-32 14.33-32 32v32c0 17.67 14.33 32 32 32h144v144c0 17.67 14.33 32 32 32h32c17.67 0 32-14.33 32-32V304h144c17.67 0 32-14.33 32-32v-32c0-17.67-14.33-32-32-32z\"><\/path><\/svg><\/span>\n\t\t<\/span>\n\n\t\t\t\t\t\t<\/summary>\n\t\t\t\t<div role=\"region\" aria-labelledby=\"e-n-accordion-item-7722\" class=\"elementor-element elementor-element-ab9821 e-con-full e-flex e-con e-child\" data-id=\"ab9821\" data-element_type=\"container\" data-e-type=\"container\">\n\t\t<div role=\"region\" aria-labelledby=\"e-n-accordion-item-7722\" class=\"elementor-element elementor-element-796eb3e8 e-flex e-con-boxed e-con e-child\" data-id=\"796eb3e8\" data-element_type=\"container\" data-e-type=\"container\">\n\t\t\t\t\t<div class=\"e-con-inner\">\n\t\t\t\t<div class=\"elementor-element elementor-element-3f6acdc6 elementor-widget elementor-widget-text-editor\" data-id=\"3f6acdc6\" data-element_type=\"widget\" data-e-type=\"widget\" data-widget_type=\"text-editor.default\">\n\t\t\t\t<div class=\"elementor-widget-container\">\n\t\t\t\t\t\t\t\t\t<h3><strong>1. Installation von IBO Player auf Windows und Mac<\/strong><\/h3><h4><strong>Schritt 1: Download der IBO Player-App<\/strong><\/h4><ol><li>Besuchen Sie die offizielle Website: <a href=\"https:\/\/iboiptv.com\/\" target=\"_blank\" rel=\"noopener\">https:\/\/iboiptv.com<\/a>.<\/li><li>Navigieren Sie zum Abschnitt <strong>Downloads<\/strong>.<\/li><li>W\u00e4hlen Sie die Version f\u00fcr Ihr Betriebssystem:<ul><li><strong>Windows<\/strong>: Klicken Sie auf den Link f\u00fcr die Windows-Version.<\/li><li><strong>Mac<\/strong>: Klicken Sie auf den Link f\u00fcr die Mac-Version.<\/li><\/ul><\/li><\/ol><h4><strong>Schritt 2: Installation<\/strong><\/h4><ul><li><p><strong>Auf Windows<\/strong>:<\/p><ol><li>\u00d6ffnen Sie die heruntergeladene <strong>.exe-Datei<\/strong>.<\/li><li>Folgen Sie den Anweisungen des Installationsassistenten.<\/li><li>Nach Abschluss der Installation starten Sie die Anwendung.<\/li><\/ol><\/li><li><p><strong>Auf Mac<\/strong>:<\/p><ol><li>\u00d6ffnen Sie die heruntergeladene <strong>.dmg-Datei<\/strong>.<\/li><li>Ziehen Sie das IBO Player-Symbol in den <strong>Programme-Ordner<\/strong>.<\/li><li>\u00d6ffnen Sie die App \u00fcber den Programme-Ordner.<\/li><\/ol><\/li><\/ul><hr \/><h3><strong>2. Aktivierung von IBO Player<\/strong><\/h3><h4><strong>Schritt 1: Starten Sie die App<\/strong><\/h4><ul><li>\u00d6ffnen Sie IBO Player auf Ihrem Computer.<\/li><\/ul><h4><strong>Schritt 2: Ger\u00e4te-ID abrufen<\/strong><\/h4><ul><li>Nach dem Start zeigt die App eine <strong>Device ID<\/strong> und einen <strong>Device Key<\/strong> an.<ul><li>Notieren Sie diese Informationen oder machen Sie einen Screenshot.<\/li><\/ul><\/li><\/ul><h4><strong>Schritt 3: Aktivieren Sie die App auf der offiziellen Website<\/strong><\/h4><ol><li>Besuchen Sie die Website: <a href=\"https:\/\/iboiptv.com\/\" target=\"_blank\" rel=\"noopener\">https:\/\/iboiptv.com<\/a>.<\/li><li>Klicken Sie auf <strong>Activate<\/strong> oder <strong>Register Device<\/strong>.<\/li><li>Geben Sie Ihre <strong>Device ID<\/strong> und Ihren <strong>Device Key<\/strong> ein.<\/li><li>Bezahlen Sie die Aktivierungsgeb\u00fchr (oft ist ein kostenloser Testzeitraum verf\u00fcgbar).<\/li><\/ol><hr \/><h3><strong>3. Hinzuf\u00fcgen einer IPTV-Liste<\/strong><\/h3><h4><strong>Schritt 1: Besorgen Sie sich eine M3U-URL oder Xtream-Codes<\/strong><\/h4><ul><li>Fordern Sie die <strong>M3U-URL<\/strong> oder die <strong>Xtream-Codes<\/strong> bei Ihrem IPTV-Anbieter an.<\/li><\/ul><h4><strong>Schritt 2: IPTV-Liste zu IBO Player hinzuf\u00fcgen<\/strong><\/h4><ol><li>Melden Sie sich auf der <a href=\"https:\/\/iboiptv.com\/\" target=\"_blank\" rel=\"noopener\">IBO Player Website<\/a> an.<\/li><li>Klicken Sie auf <strong>Upload Playlist<\/strong> oder <strong>Add Playlist<\/strong>.<\/li><li>Geben Sie folgende Informationen ein:<ul><li><strong>Name der Liste<\/strong>: Geben Sie Ihrer Playlist einen Namen.<\/li><li><strong>Typ<\/strong>: W\u00e4hlen Sie zwischen <strong>M3U URL<\/strong> oder <strong>Xtream Codes<\/strong>.<\/li><li><strong>URL oder Zugangsdaten<\/strong>: Geben Sie die Informationen Ihres Anbieters ein.<\/li><\/ul><\/li><\/ol><h4><strong>Schritt 3: Playlist synchronisieren<\/strong><\/h4><ul><li>Kehren Sie zur App auf Ihrem Computer zur\u00fcck und starten Sie sie neu.<\/li><li>Ihre IPTV-Liste wird automatisch angezeigt.<\/li><\/ul><hr \/><h3><strong>4. Nutzung von IBO Player<\/strong><\/h3><h4><strong>Navigieren durch die Kan\u00e4le<\/strong><\/h4><ul><li>Nach dem Hochladen der Liste werden die Kan\u00e4le nach Kategorien organisiert (z. B. Live-TV, Filme, Serien).<\/li><li>Verwenden Sie Maus oder Tastatur, um durch die Kan\u00e4le zu navigieren und Inhalte abzuspielen.<\/li><\/ul><h4><strong>Zus\u00e4tzliche Funktionen<\/strong><\/h4><ul><li><strong>Vollbildmodus<\/strong>: Aktivieren Sie den Vollbildmodus f\u00fcr ein besseres Seherlebnis.<\/li><li><strong>Favoriten<\/strong>: Markieren Sie Ihre bevorzugten Kan\u00e4le f\u00fcr einen schnellen Zugriff.<\/li><li><strong>Suche<\/strong>: Nutzen Sie die Suchfunktion, um gezielt Kan\u00e4le oder Inhalte zu finden.<\/li><\/ul><hr \/><h3><strong>5. Tipps bei Problemen<\/strong><\/h3><ul><li><strong>Leere Liste<\/strong>: \u00dcberpr\u00fcfen Sie die M3U-URL oder Xtream-Codes bei Ihrem Anbieter.<\/li><li><strong>Wiedergabefehler<\/strong>: Stellen Sie sicher, dass Ihre Internetverbindung stabil ist.<\/li><li><strong>Aktivierungsprobleme<\/strong>: Kontaktieren Sie den Support von IBO Player \u00fcber die offizielle Website.<\/li><\/ul><hr \/><h3><strong>6. H\u00e4ufig gestellte Fragen<\/strong><\/h3><h4><strong>Ist IBO Player kostenlos?<\/strong><\/h4><ul><li>Die App bietet eine 7-t\u00e4gige kostenlose Testphase. Nach Ablauf dieser Zeit ist ein j\u00e4hrliches Abonnement erforderlich.<\/li><\/ul><h4><strong>Kann ich IBO Player auf mehreren Ger\u00e4ten nutzen?<\/strong><\/h4><ul><li>Jede Lizenz ist an ein Ger\u00e4t gebunden. F\u00fcr jedes zus\u00e4tzliche Ger\u00e4t ist eine separate Aktivierung erforderlich.<\/li><\/ul><h4><strong>Wie aktualisiere ich eine IPTV-Liste?<\/strong><\/h4><ul><li>L\u00f6schen Sie die alte Liste auf der IBO Player Website und laden Sie die neue Liste hoch.<\/li><\/ul><hr \/><p><strong>Erleben Sie Ihre Lieblingskan\u00e4le mit IBO Player auf Windows und Mac in bester Qualit\u00e4t!<\/strong><\/p>\t\t\t\t\t\t\t\t<\/div>\n\t\t\t\t<\/div>\n\t\t\t\t\t<\/div>\n\t\t\t\t<\/div>\n\t\t\t\t<\/div>\n\t\t\t\t\t<\/details>\n\t\t\t\t\t<\/div>\n\t\t\t\t\t\t<\/div>\n\t\t\t\t<\/div>\n\t\t\t\t\t<\/div>\n\t\t\t\t<\/div>\n\t\t\t\t<\/div>","protected":false},"excerpt":{"rendered":"<p>smart tv 1. Installation von IBO Player auf Ihrem Smart TV Schritt 1: \u00d6ffnen Sie den App-Store Ihres Smart TVs [&hellip;]<\/p>\n","protected":false},"author":1,"featured_media":0,"parent":0,"menu_order":0,"comment_status":"closed","ping_status":"closed","template":"","meta":{"site-sidebar-layout":"no-sidebar","site-content-layout":"","ast-site-content-layout":"full-width-container","site-content-style":"default","site-sidebar-style":"default","ast-global-header-display":"","ast-banner-title-visibility":"","ast-main-header-display":"","ast-hfb-above-header-display":"","ast-hfb-below-header-display":"","ast-hfb-mobile-header-display":"","site-post-title":"disabled","ast-breadcrumbs-content":"","ast-featured-img":"disabled","footer-sml-layout":"","ast-disable-related-posts":"","theme-transparent-header-meta":"","adv-header-id-meta":"","stick-header-meta":"","header-above-stick-meta":"","header-main-stick-meta":"","header-below-stick-meta":"","astra-migrate-meta-layouts":"default","ast-page-background-enabled":"default","ast-page-background-meta":{"desktop":{"background-color":"var(--ast-global-color-4)","background-image":"","background-repeat":"repeat","background-position":"center center","background-size":"auto","background-attachment":"scroll","background-type":"","background-media":"","overlay-type":"","overlay-color":"","overlay-opacity":"","overlay-gradient":""},"tablet":{"background-color":"","background-image":"","background-repeat":"repeat","background-position":"center center","background-size":"auto","background-attachment":"scroll","background-type":"","background-media":"","overlay-type":"","overlay-color":"","overlay-opacity":"","overlay-gradient":""},"mobile":{"background-color":"","background-image":"","background-repeat":"repeat","background-position":"center center","background-size":"auto","background-attachment":"scroll","background-type":"","background-media":"","overlay-type":"","overlay-color":"","overlay-opacity":"","overlay-gradient":""}},"ast-content-background-meta":{"desktop":{"background-color":"var(--ast-global-color-5)","background-image":"","background-repeat":"repeat","background-position":"center center","background-size":"auto","background-attachment":"scroll","background-type":"","background-media":"","overlay-type":"","overlay-color":"","overlay-opacity":"","overlay-gradient":""},"tablet":{"background-color":"var(--ast-global-color-5)","background-image":"","background-repeat":"repeat","background-position":"center center","background-size":"auto","background-attachment":"scroll","background-type":"","background-media":"","overlay-type":"","overlay-color":"","overlay-opacity":"","overlay-gradient":""},"mobile":{"background-color":"var(--ast-global-color-5)","background-image":"","background-repeat":"repeat","background-position":"center center","background-size":"auto","background-attachment":"scroll","background-type":"","background-media":"","overlay-type":"","overlay-color":"","overlay-opacity":"","overlay-gradient":""}},"footnotes":""},"class_list":["post-519","page","type-page","status-publish","hentry"],"_links":{"self":[{"href":"https:\/\/ibo-player.online\/pt_br\/wp-json\/wp\/v2\/pages\/519","targetHints":{"allow":["GET"]}}],"collection":[{"href":"https:\/\/ibo-player.online\/pt_br\/wp-json\/wp\/v2\/pages"}],"about":[{"href":"https:\/\/ibo-player.online\/pt_br\/wp-json\/wp\/v2\/types\/page"}],"author":[{"embeddable":true,"href":"https:\/\/ibo-player.online\/pt_br\/wp-json\/wp\/v2\/users\/1"}],"replies":[{"embeddable":true,"href":"https:\/\/ibo-player.online\/pt_br\/wp-json\/wp\/v2\/comments?post=519"}],"version-history":[{"count":9,"href":"https:\/\/ibo-player.online\/pt_br\/wp-json\/wp\/v2\/pages\/519\/revisions"}],"predecessor-version":[{"id":533,"href":"https:\/\/ibo-player.online\/pt_br\/wp-json\/wp\/v2\/pages\/519\/revisions\/533"}],"wp:attachment":[{"href":"https:\/\/ibo-player.online\/pt_br\/wp-json\/wp\/v2\/media?parent=519"}],"curies":[{"name":"wp","href":"https:\/\/api.w.org\/{rel}","templated":true}]}}